{"id":116,"date":"2020-12-21T13:46:04","date_gmt":"2020-12-21T13:46:04","guid":{"rendered":"http:\/\/asc-ronneburg.de\/?page_id=116"},"modified":"2021-03-15T16:09:21","modified_gmt":"2021-03-15T16:09:21","slug":"ueber-uns","status":"publish","type":"page","link":"https:\/\/asc-ronneburg.de\/?page_id=116","title":{"rendered":"\u00dcber uns"},"content":{"rendered":"\n<p> Der ASC Ronneburg ist seit seiner Gr\u00fcndung 1995 mit nahezu 300 Mitgliedern einer der gr\u00f6\u00dften Sportvereine in Ronneburg und Umgebung. Im ehemaligen B\u00fcrogeb\u00e4ude des Rbg.R\u00e4derwerks befindet sich im 2.OG die etwa 500 qm gro\u00dfe Trainingsst\u00e4tte des Vereins &#8211; die &#8222;SportArena&#8220;. In verschiedenen Sportgruppen wird hier: Judo, Boxen, Kickboxen, Taekwondo, Tanzen, und Fitness trainiert . <\/p>\n\n\n\n<figure class=\"wp-block-image size-large is-style-rounded\"><img loading=\"lazy\" decoding=\"async\" width=\"874\" height=\"503\" src=\"https:\/\/asc-ronneburg.de\/wp-content\/uploads\/2021\/02\/ASC-Sportarena.jpg\" alt=\"\" class=\"wp-image-253\" srcset=\"https:\/\/asc-ronneburg.de\/wp-content\/uploads\/2021\/02\/ASC-Sportarena.jpg 874w, https:\/\/asc-ronneburg.de\/wp-content\/uploads\/2021\/02\/ASC-Sportarena-300x173.jpg 300w, https:\/\/asc-ronneburg.de\/wp-content\/uploads\/2021\/02\/ASC-Sportarena-768x442.jpg 768w\" sizes=\"auto, (max-width: 709px) 85vw, (max-width: 909px) 67vw, (max-width: 1362px) 62vw, 840px\" \/><figcaption>SportArena des ASC Ronneburg e.V.<\/figcaption><\/figure>\n\n\n\n<p>Aus der in den 60iger Jahren gegr\u00fcndeten Sektion Boxen der &#8222;BSG Wismut Ronneburg&#8220; entstand  durch den Zusammenschluss mehrerer Sportarten 1995 der ASC Ronneburg e.V. Rund 100 Mitglieder trainieren heute in den Bereichen Boxen, Kickboxen und Fitness. Neben dem Boxsport hat auch Judo mit der Gr\u00fcndung im Jahr 1963 bei der &#8222;SG Dynamo Ronneburg&#8220; eine langj\u00e4hrige Tradition Heute engagiert man sich vor allem im Kinder- und Jugendbereich. Auch die Wurzeln unserer Tanzgruppe reichen bis ins Jahr 1959 zur\u00fcck. Seither haben viele hunderte M\u00e4dchen und Jungen (u.a. in der Arbeitsgemeinschaft der ehem. Friedrich-Schiller-Oberschule Ronneburg) das Tanzbein geschwungen. Heute besteht die Tanzgruppe aus ca.50 Mitgliedern und konzentriert sich vor allem auf den Kinderbereich ab 5 Jahre. <\/p>\n\n\n\n<figure class=\"wp-block-image size-large is-style-default\"><img loading=\"lazy\" decoding=\"async\" width=\"1024\" height=\"781\" src=\"https:\/\/asc-ronneburg.de\/wp-content\/uploads\/2021\/02\/ASC_Gruendung-1024x781.jpg\" alt=\"\" class=\"wp-image-274\" srcset=\"https:\/\/asc-ronneburg.de\/wp-content\/uploads\/2021\/02\/ASC_Gruendung-1024x781.jpg 1024w, https:\/\/asc-ronneburg.de\/wp-content\/uploads\/2021\/02\/ASC_Gruendung-300x229.jpg 300w, https:\/\/asc-ronneburg.de\/wp-content\/uploads\/2021\/02\/ASC_Gruendung-768x586.jpg 768w, https:\/\/asc-ronneburg.de\/wp-content\/uploads\/2021\/02\/ASC_Gruendung-1536x1171.jpg 1536w, https:\/\/asc-ronneburg.de\/wp-content\/uploads\/2021\/02\/ASC_Gruendung-2048x1562.jpg 2048w, https:\/\/asc-ronneburg.de\/wp-content\/uploads\/2021\/02\/ASC_Gruendung-1200x915.jpg 1200w\" sizes=\"auto, (max-width: 709px) 85vw, (max-width: 909px) 67vw, (max-width: 1362px) 62vw, 840px\" \/><figcaption>Gr\u00fcndungsver\u00f6ffentlichung 1995 im Ronneburger Anzeiger<\/figcaption><\/figure>\n\n\n\n<p>Erst seit 2000 z\u00e4hlt die Abteilung &#8222;Taekwondo&#8220; zum Verein. Taekwondo ist ein moderner Zweikampfsport aus Korea und seit 2000 olympische Disziplin. Die Abteilung z\u00e4hlt nahezu 70 Mitglieder und ist auch \u00fcber den Sport hinaus aktiv, so vor allem im Kinder- und Jugendbereich.<\/p>\n\n\n\n<figure class=\"wp-block-image size-large is-style-default\"><img loading=\"lazy\" decoding=\"async\" width=\"1024\" height=\"749\" src=\"https:\/\/asc-ronneburg.de\/wp-content\/uploads\/2021\/02\/ASC_Sport-1024x749.jpg\" alt=\"\" class=\"wp-image-261\" srcset=\"https:\/\/asc-ronneburg.de\/wp-content\/uploads\/2021\/02\/ASC_Sport-1024x749.jpg 1024w, https:\/\/asc-ronneburg.de\/wp-content\/uploads\/2021\/02\/ASC_Sport-300x219.jpg 300w, https:\/\/asc-ronneburg.de\/wp-content\/uploads\/2021\/02\/ASC_Sport-768x562.jpg 768w, https:\/\/asc-ronneburg.de\/wp-content\/uploads\/2021\/02\/ASC_Sport-1536x1123.jpg 1536w, https:\/\/asc-ronneburg.de\/wp-content\/uploads\/2021\/02\/ASC_Sport-1200x878.jpg 1200w, https:\/\/asc-ronneburg.de\/wp-content\/uploads\/2021\/02\/ASC_Sport.jpg 1950w\" sizes=\"auto, (max-width: 709px) 85vw, (max-width: 909px) 67vw, (max-width: 1362px) 62vw, 840px\" \/><figcaption>sportliche Vielfalt in der SportArena (vor der Brandkatastrophe)<\/figcaption><\/figure>\n\n\n\n<p>Das regelm\u00e4\u00dfige Training  wird von  rund 20 qualifizierten \u00dcbungsleitern und Trainern abgesichert, von denen nahezu alle eine Trainerlizenz des Deutschen Olympischen Sportbundes besitzen.  Viele unserer Aktiven engagieren sich dar\u00fcber hinaus aktiv als Kampfrichter, Jugendleiter oder unterst\u00fctzen den Verein in anderen Funktionen . <\/p>\n\n\n\n<figure class=\"wp-block-image size-large is-style-default\"><img loading=\"lazy\" decoding=\"async\" width=\"1024\" height=\"558\" src=\"https:\/\/asc-ronneburg.de\/wp-content\/uploads\/2021\/02\/ASC_Grundriss-1024x558.jpg\" alt=\"\" class=\"wp-image-247\" srcset=\"https:\/\/asc-ronneburg.de\/wp-content\/uploads\/2021\/02\/ASC_Grundriss-1024x558.jpg 1024w, https:\/\/asc-ronneburg.de\/wp-content\/uploads\/2021\/02\/ASC_Grundriss-300x164.jpg 300w, https:\/\/asc-ronneburg.de\/wp-content\/uploads\/2021\/02\/ASC_Grundriss-768x419.jpg 768w, https:\/\/asc-ronneburg.de\/wp-content\/uploads\/2021\/02\/ASC_Grundriss-1536x838.jpg 1536w, https:\/\/asc-ronneburg.de\/wp-content\/uploads\/2021\/02\/ASC_Grundriss-2048x1117.jpg 2048w, https:\/\/asc-ronneburg.de\/wp-content\/uploads\/2021\/02\/ASC_Grundriss-1200x654.jpg 1200w\" sizes=\"auto, (max-width: 709px) 85vw, (max-width: 909px) 67vw, (max-width: 1362px) 62vw, 840px\" \/><figcaption>Grundriss &#8222;SportArena&#8220; (160qm Sanit\u00e4r\/Umkleide; 200qm Boxen\/Fitness-u.Kraftsport; 140qm Taekwondo,Judo,Tanzen)<\/figcaption><\/figure>\n\n\n\n<p>Dank der Stadt Ronneburg konnte der ASC Ronneburg am 16. Februar 2004 mit der \u201eASC-SportArena\u201c  in der obersten Etage des fr\u00fcheren W\u00e4lzlagergeb\u00e4udes (neben der Bogenbinderhalle) ein neues Trainingsdomizil beziehen, welches im Rahmen der f\u00fcr 2007 geplanten BUGA f\u00fcr den Sportbetrieb umgebaut wurde. Der gemeinsam genutzte Sportraum f\u00fchrte zu zahlreichen Synergieeffekten bei  Sportangeboten und Trainingsger\u00e4ten. <\/p>\n\n\n\n<p>In der Vereinsgeschichte konnten bisher mehrere nationale und internationale Erfolge &#8211; bis hin zu Europa- und Weltmeistertiteln erzielt werden.<\/p>\n\n\n\n<p>In der Nacht vom 03. zum 04.Okt.2020 wurder der Verein von einer schweren Brandkatatstrophe heimgesucht. Die gesamte SportArena &#8211; und damit all das \u00fcber Jahre m\u00fchsam Aufgebaute wie auch s\u00e4mtliches Trainingsmaterial wurde binnen weniger Stunden von den Flammen vernichtet. Das hier Brandstiftung vermutet wird, macht das schockierende Ereignis noch unfassbarer. Der Schaden wird auf rund 50TEUR gesch\u00e4tzt. Immerhin: der historische Boxring aus den 40iger Jahren konnte ohne gr\u00f6\u00dfere Sch\u00e4den geborgen werden. Es wurde in den Medien breit berichtet, die Stadt Ronneburg sicherte sofort Unterst\u00fctzung zu und auch viele Andere boten spontane Hilfe an &#8211; eine ungeahnte Welle der Anteilnahme und Hilfsbereitschaft erfasste den Verein. Es wurde ein Spendenkonto eingerichtet, auf dem bisher Soforthilfen von rund 350 Spendern eingingen. Der breite Zuspruch und die vielen Hilfsangebote haben uns gest\u00e4rkt- wir bauen die SportArena und unseren Verein wieder auf.<\/p>\n\n\n\n<figure class=\"wp-block-image size-large is-style-rounded\"><img loading=\"lazy\" decoding=\"async\" width=\"1024\" height=\"536\" src=\"https:\/\/asc-ronneburg.de\/wp-content\/uploads\/2021\/02\/ASC_Brand-1024x536.jpg\" alt=\"\" class=\"wp-image-259\" srcset=\"https:\/\/asc-ronneburg.de\/wp-content\/uploads\/2021\/02\/ASC_Brand-1024x536.jpg 1024w, https:\/\/asc-ronneburg.de\/wp-content\/uploads\/2021\/02\/ASC_Brand-300x157.jpg 300w, https:\/\/asc-ronneburg.de\/wp-content\/uploads\/2021\/02\/ASC_Brand-768x402.jpg 768w, https:\/\/asc-ronneburg.de\/wp-content\/uploads\/2021\/02\/ASC_Brand-1536x804.jpg 1536w, https:\/\/asc-ronneburg.de\/wp-content\/uploads\/2021\/02\/ASC_Brand-2048x1072.jpg 2048w, https:\/\/asc-ronneburg.de\/wp-content\/uploads\/2021\/02\/ASC_Brand-1200x628.jpg 1200w\" sizes=\"auto, (max-width: 709px) 85vw, (max-width: 909px) 67vw, (max-width: 1362px) 62vw, 840px\" \/><figcaption>Brandkatastrophe in der Nacht zum 04.10.2020<\/figcaption><\/figure>\n\n\n\n<p>Auch wenn die aktuelle Pandemie seit l\u00e4ngerem den Vereinssport zum erliegen gebracht hat, hoffen wir auf einen z\u00fcgigen Wiederaufbaus unserer SportArena und baldigen Neustart unseres Trainingsbetriebs. <\/p>\n\n\n\n<p>Wer Interesse an den verschiedenen Angeboten unseres Vereins hat, kann sich auf diesen Seiten oder auf unserer Facebookseite &#8222;ASC-Ronneburg&#8220; n\u00e4her informieren oder kommt (soweit wieder m\u00f6glich) einfach mal bei uns vorbei! Jeder, der sich f\u00fcr eine k\u00f6rperert\u00fcchtigende und interessante Sportart interessiert, ist herzlich eingeladen! <\/p>\n","protected":false},"excerpt":{"rendered":"<p>Der ASC Ronneburg ist seit seiner Gr\u00fcndung 1995 mit nahezu 300 Mitgliedern einer der gr\u00f6\u00dften Sportvereine in Ronneburg und Umgebung. Im ehemaligen B\u00fcrogeb\u00e4ude des Rbg.R\u00e4derwerks befindet sich im 2.OG die etwa 500 qm gro\u00dfe Trainingsst\u00e4tte des Vereins &#8211; die &#8222;SportArena&#8220;. In verschiedenen Sportgruppen wird hier: Judo, Boxen, Kickboxen, Taekwondo, Tanzen, und Fitness trainiert . Aus &hellip; <a href=\"https:\/\/asc-ronneburg.de\/?page_id=116\" class=\"more-link\"><span class=\"screen-reader-text\">\u201e\u00dcber uns\u201c<\/span> weiterlesen<\/a><\/p>\n","protected":false},"author":2,"featured_media":0,"parent":0,"menu_order":0,"comment_status":"closed","ping_status":"closed","template":"","meta":{"footnotes":""},"class_list":["post-116","page","type-page","status-publish","hentry"],"_links":{"self":[{"href":"https:\/\/asc-ronneburg.de\/index.php?rest_route=\/wp\/v2\/pages\/116","targetHints":{"allow":["GET"]}}],"collection":[{"href":"https:\/\/asc-ronneburg.de\/index.php?rest_route=\/wp\/v2\/pages"}],"about":[{"href":"https:\/\/asc-ronneburg.de\/index.php?rest_route=\/wp\/v2\/types\/page"}],"author":[{"embeddable":true,"href":"https:\/\/asc-ronneburg.de\/index.php?rest_route=\/wp\/v2\/users\/2"}],"replies":[{"embeddable":true,"href":"https:\/\/asc-ronneburg.de\/index.php?rest_route=%2Fwp%2Fv2%2Fcomments&post=116"}],"version-history":[{"count":27,"href":"https:\/\/asc-ronneburg.de\/index.php?rest_route=\/wp\/v2\/pages\/116\/revisions"}],"predecessor-version":[{"id":290,"href":"https:\/\/asc-ronneburg.de\/index.php?rest_route=\/wp\/v2\/pages\/116\/revisions\/290"}],"wp:attachment":[{"href":"https:\/\/asc-ronneburg.de\/index.php?rest_route=%2Fwp%2Fv2%2Fmedia&parent=116"}],"curies":[{"name":"wp","href":"https:\/\/api.w.org\/{rel}","templated":true}]}}