{"id":36,"date":"2020-12-19T08:45:58","date_gmt":"2020-12-19T08:45:58","guid":{"rendered":"http:\/\/asc-ronneburg.de\/?page_id=36"},"modified":"2023-05-08T13:47:28","modified_gmt":"2023-05-08T11:47:28","slug":"taekwondo","status":"publish","type":"page","link":"https:\/\/asc-ronneburg.de\/?page_id=36","title":{"rendered":"Taekwondo"},"content":{"rendered":"\n<p>Taekwondo ist ein System der waffenlosen Selbstverteidigung, dessen Ursprungsland Korea ist. In einer dem Laien verst\u00e4ndlichen Fassung l\u00e4sst sich Taekwondo als Kampfkunst interpretieren, deren System von variationsreichen Techniken mit allen Teilen der H\u00e4nde, Arme, Beine und F\u00fc\u00dfe erlernt wird und die damit in erster Linie der Pers\u00f6nlichkeitsentfaltung des einzelnen dient.<\/p>\n\n\n\n<p>Taekwondo bedeutet w\u00f6rtlich: Weg des Fu\u00dfes und der Hand. Die Sportart ist seit dem Jahr 2000olympisch und f\u00fcr alle und jeden aus\u00fcbbar. Besonderer Schwerpunkt liegt bei uns auf dem Kindertraining (ab 6 Jahre). Im Taekwondo gibt es mehrere Disziplinen, bekannt ist vor allem der Westenkampf als olympische Disziplin. Daneben gibt es aber auch Selbstverteidigung, Bruchtest und Formenlauf (Bewegungsperformance in technischer Perfektion). <\/p>\n\n\n\n<hr class=\"wp-block-separator has-css-opacity\"\/>\n\n\n\n<p>Ansprechpartner: Steffen Hemmann<\/p>\n\n\n\n<p>Email: <a href=\"mailto:taekwondo@asc-ronneburg.de\">taekwondo@asc-ronneburg.de<\/a><\/p>\n\n\n\n<p>Facebook: <a href=\"https:\/\/www.facebook.com\/Taekwondo.Team.Ronneburg\" data-type=\"URL\" target=\"_blank\" rel=\"noreferrer noopener\">Taekwondo.Team.Ronneburg<\/a><\/p>\n\n\n\n<p>Website: <a href=\"https:\/\/www.taekwondo-team-ronneburg.de\/\" data-type=\"URL\" target=\"_blank\" rel=\"noreferrer noopener\">www.taekwondo-team-ronneburg.de <\/a><\/p>\n\n\n\n<hr class=\"wp-block-separator has-css-opacity\"\/>\n\n\n\n<p>Trainer<\/p>\n\n\n\n<div class=\"wp-block-columns is-layout-flex wp-container-core-columns-is-layout-9d6595d7 wp-block-columns-is-layout-flex\">\n<div class=\"wp-block-column is-layout-flow wp-block-column-is-layout-flow\">\n<figure class=\"wp-block-image size-large\"><img loading=\"lazy\" decoding=\"async\" width=\"200\" height=\"250\" src=\"https:\/\/asc-ronneburg.de\/wp-content\/uploads\/2020\/12\/SteffenHemmann3.jpg\" alt=\"\" class=\"wp-image-169\"\/><figcaption class=\"wp-element-caption\">Steffen Hemmann<\/figcaption><\/figure>\n<\/div>\n\n\n\n<div class=\"wp-block-column is-layout-flow wp-block-column-is-layout-flow\">\n<figure class=\"wp-block-image size-large\"><img loading=\"lazy\" decoding=\"async\" width=\"200\" height=\"250\" src=\"https:\/\/asc-ronneburg.de\/wp-content\/uploads\/2020\/12\/StevBrauner3.jpg\" alt=\"\" class=\"wp-image-170\"\/><figcaption class=\"wp-element-caption\">Stev Brauner<\/figcaption><\/figure>\n<\/div>\n\n\n\n<div class=\"wp-block-column is-layout-flow wp-block-column-is-layout-flow\">\n<figure class=\"wp-block-image size-large\"><img loading=\"lazy\" decoding=\"async\" width=\"200\" height=\"250\" src=\"https:\/\/asc-ronneburg.de\/wp-content\/uploads\/2020\/12\/JessyWiedemann3.jpg\" alt=\"\" class=\"wp-image-171\"\/><figcaption class=\"wp-element-caption\">Jessy Wiedemann<\/figcaption><\/figure>\n<\/div>\n<\/div>\n\n\n\n<div class=\"wp-block-columns is-layout-flex wp-container-core-columns-is-layout-9d6595d7 wp-block-columns-is-layout-flex\">\n<div class=\"wp-block-column is-layout-flow wp-block-column-is-layout-flow\">\n<div class=\"wp-block-columns is-layout-flex wp-container-core-columns-is-layout-9d6595d7 wp-block-columns-is-layout-flex\">\n<div class=\"wp-block-column is-layout-flow wp-block-column-is-layout-flow\">\n<figure class=\"wp-block-image size-large\"><img loading=\"lazy\" decoding=\"async\" width=\"199\" height=\"211\" src=\"https:\/\/asc-ronneburg.de\/wp-content\/uploads\/2022\/03\/LaraKoenig.jpg\" alt=\"\" class=\"wp-image-341\"\/><figcaption class=\"wp-element-caption\">Lara K\u00f6nig         <\/figcaption><\/figure>\n<\/div>\n\n\n\n<div class=\"wp-block-column is-layout-flow wp-block-column-is-layout-flow\">\n<figure class=\"wp-block-image size-large\"><img loading=\"lazy\" decoding=\"async\" width=\"180\" height=\"212\" src=\"https:\/\/asc-ronneburg.de\/wp-content\/uploads\/2020\/12\/Kampfrichterreferent_web.png\" alt=\"\" class=\"wp-image-167\"\/><figcaption class=\"wp-element-caption\">Kerstin Schlesier<\/figcaption><\/figure>\n<\/div>\n\n\n\n<div class=\"wp-block-column is-layout-flow wp-block-column-is-layout-flow\">\n<figure class=\"wp-block-gallery has-nested-images columns-default is-cropped wp-block-gallery-1 is-layout-flex wp-block-gallery-is-layout-flex\">\n<figure class=\"wp-block-image size-full is-style-default\"><img loading=\"lazy\" decoding=\"async\" width=\"200\" height=\"250\" data-id=\"385\" src=\"https:\/\/asc-ronneburg.de\/wp-content\/uploads\/2023\/05\/Basti-1.jpg\" alt=\"\" class=\"wp-image-385\"\/><figcaption class=\"wp-element-caption\">Sebastian Winter    \n<\/figcaption><\/figure>\n<\/figure>\n<\/div>\n<\/div>\n<\/div>\n<\/div>\n","protected":false},"excerpt":{"rendered":"<p>Taekwondo ist ein System der waffenlosen Selbstverteidigung, dessen Ursprungsland Korea ist. In einer dem Laien verst\u00e4ndlichen Fassung l\u00e4sst sich Taekwondo als Kampfkunst interpretieren, deren System von variationsreichen Techniken mit allen Teilen der H\u00e4nde, Arme, Beine und F\u00fc\u00dfe erlernt wird und die damit in erster Linie der Pers\u00f6nlichkeitsentfaltung des einzelnen dient. Taekwondo bedeutet w\u00f6rtlich: Weg des &hellip; <a href=\"https:\/\/asc-ronneburg.de\/?page_id=36\" class=\"more-link\"><span class=\"screen-reader-text\">\u201eTaekwondo\u201c<\/span> weiterlesen<\/a><\/p>\n","protected":false},"author":2,"featured_media":268,"parent":0,"menu_order":0,"comment_status":"closed","ping_status":"closed","template":"","meta":{"footnotes":""},"class_list":["post-36","page","type-page","status-publish","has-post-thumbnail","hentry"],"_links":{"self":[{"href":"https:\/\/asc-ronneburg.de\/index.php?rest_route=\/wp\/v2\/pages\/36","targetHints":{"allow":["GET"]}}],"collection":[{"href":"https:\/\/asc-ronneburg.de\/index.php?rest_route=\/wp\/v2\/pages"}],"about":[{"href":"https:\/\/asc-ronneburg.de\/index.php?rest_route=\/wp\/v2\/types\/page"}],"author":[{"embeddable":true,"href":"https:\/\/asc-ronneburg.de\/index.php?rest_route=\/wp\/v2\/users\/2"}],"replies":[{"embeddable":true,"href":"https:\/\/asc-ronneburg.de\/index.php?rest_route=%2Fwp%2Fv2%2Fcomments&post=36"}],"version-history":[{"count":14,"href":"https:\/\/asc-ronneburg.de\/index.php?rest_route=\/wp\/v2\/pages\/36\/revisions"}],"predecessor-version":[{"id":448,"href":"https:\/\/asc-ronneburg.de\/index.php?rest_route=\/wp\/v2\/pages\/36\/revisions\/448"}],"wp:featuredmedia":[{"embeddable":true,"href":"https:\/\/asc-ronneburg.de\/index.php?rest_route=\/wp\/v2\/media\/268"}],"wp:attachment":[{"href":"https:\/\/asc-ronneburg.de\/index.php?rest_route=%2Fwp%2Fv2%2Fmedia&parent=36"}],"curies":[{"name":"wp","href":"https:\/\/api.w.org\/{rel}","templated":true}]}}