{"id":58,"date":"2020-12-21T09:25:13","date_gmt":"2020-12-21T09:25:13","guid":{"rendered":"http:\/\/asc-ronneburg.de\/?page_id=58"},"modified":"2021-03-15T15:06:53","modified_gmt":"2021-03-15T15:06:53","slug":"judo","status":"publish","type":"page","link":"https:\/\/asc-ronneburg.de\/?page_id=58","title":{"rendered":"Judo"},"content":{"rendered":"\n<p>Judo hei\u00dft sinngem\u00e4\u00df \u00fcbersetzt \u201eder sanfte Weg\u201c und stammt aus Japan. Im Unterschied zu anderen Kampfsportarten werden beim Judo keine Tritt- oder Schlagtechniken angewandt. Deshalb ist dieser Sport f\u00fcr Kinder bereits ab der Vor- bzw. Grundschule geeignet, aber auch in jedem anderen Alter kann man mit Judo beginnen. <\/p>\n\n\n\n<p>Unsere j\u00fcngsten Sportler lernen bei ihrem Training zun\u00e4chst den Spa\u00df an Bewegung und verschiedene \u00dcbungen zur Koordination. <\/p>\n\n\n\n<p>Judo war urspr\u00fcnglich zur reinen Selbstverteidigung gedacht. Heute werden beim Training und Wettkampf eine Vielfalt an Fall-, Wurf- u. Bodentechniken miteinander verbunden. <\/p>\n\n\n\n<p>Ziel des Zweikampfes ist, den Gegner durch angewandte Techniken &#8211; kombiniert mit Kraft und Schnelligkeit &#8211; kontrolliert auf den R\u00fccken zu werfen oder durch eine Festhaltetechnik am Boden zu halten. Dabei geht es beim Judo immer auch um sportliche Fairness und die Achtung des Gegners (s.a. Judo-Knigge). <\/p>\n\n\n\n<hr class=\"wp-block-separator\"\/>\n\n\n\n<p>Ansprechpartner: Heiko Opitz<\/p>\n\n\n\n<p>E-Mail: judo@asc-ronneburg.de<\/p>\n\n\n\n<p><\/p>\n","protected":false},"excerpt":{"rendered":"<p>Judo hei\u00dft sinngem\u00e4\u00df \u00fcbersetzt \u201eder sanfte Weg\u201c und stammt aus Japan. Im Unterschied zu anderen Kampfsportarten werden beim Judo keine Tritt- oder Schlagtechniken angewandt. Deshalb ist dieser Sport f\u00fcr Kinder bereits ab der Vor- bzw. Grundschule geeignet, aber auch in jedem anderen Alter kann man mit Judo beginnen. Unsere j\u00fcngsten Sportler lernen bei ihrem Training &hellip; <a href=\"https:\/\/asc-ronneburg.de\/?page_id=58\" class=\"more-link\"><span class=\"screen-reader-text\">\u201eJudo\u201c<\/span> weiterlesen<\/a><\/p>\n","protected":false},"author":2,"featured_media":271,"parent":0,"menu_order":0,"comment_status":"closed","ping_status":"closed","template":"","meta":{"footnotes":""},"class_list":["post-58","page","type-page","status-publish","has-post-thumbnail","hentry"],"_links":{"self":[{"href":"https:\/\/asc-ronneburg.de\/index.php?rest_route=\/wp\/v2\/pages\/58","targetHints":{"allow":["GET"]}}],"collection":[{"href":"https:\/\/asc-ronneburg.de\/index.php?rest_route=\/wp\/v2\/pages"}],"about":[{"href":"https:\/\/asc-ronneburg.de\/index.php?rest_route=\/wp\/v2\/types\/page"}],"author":[{"embeddable":true,"href":"https:\/\/asc-ronneburg.de\/index.php?rest_route=\/wp\/v2\/users\/2"}],"replies":[{"embeddable":true,"href":"https:\/\/asc-ronneburg.de\/index.php?rest_route=%2Fwp%2Fv2%2Fcomments&post=58"}],"version-history":[{"count":6,"href":"https:\/\/asc-ronneburg.de\/index.php?rest_route=\/wp\/v2\/pages\/58\/revisions"}],"predecessor-version":[{"id":286,"href":"https:\/\/asc-ronneburg.de\/index.php?rest_route=\/wp\/v2\/pages\/58\/revisions\/286"}],"wp:featuredmedia":[{"embeddable":true,"href":"https:\/\/asc-ronneburg.de\/index.php?rest_route=\/wp\/v2\/media\/271"}],"wp:attachment":[{"href":"https:\/\/asc-ronneburg.de\/index.php?rest_route=%2Fwp%2Fv2%2Fmedia&parent=58"}],"curies":[{"name":"wp","href":"https:\/\/api.w.org\/{rel}","templated":true}]}}