{"id":64,"date":"2020-12-21T09:27:05","date_gmt":"2020-12-21T09:27:05","guid":{"rendered":"http:\/\/asc-ronneburg.de\/?page_id=64"},"modified":"2021-02-23T16:39:05","modified_gmt":"2021-02-23T16:39:05","slug":"boxen-kickboxen-fitness","status":"publish","type":"page","link":"https:\/\/asc-ronneburg.de\/?page_id=64","title":{"rendered":"Boxen \/ Kickboxen \/ Fitness"},"content":{"rendered":"\n<p>Boxen ist eine der \u00e4ltesten Wettkampfarten und erfordert ein H\u00f6chstma\u00df an Kraft, Ausdauer, Koordinationsf\u00e4higkeit und Reaktionsverm\u00f6gen. Diese F\u00e4higkeiten werden im Rahmen unseres Boxtrainingsgef\u00f6rdert. Neben intensivem Ausdauer- und Krafttraining, werden durch Beinarbeit und Schlagtraining im Rahmen der Boxerischen Grundschule, Koordination und Reaktionsverm\u00f6gen gef\u00f6rdert und bei Partnerarbeit und Sparring gefestigt. Die korrekte Anwendung der erlernten Bewegungen, nicht die Auseinandersetzung mit dem Gegner steht dabei im Vordergrund. Das Boxtraining beginnt, wie jede andere Sportart auch, mit Aufw\u00e4rm\u00fcbungen wie zum Beispiel mit Seilspringen, Dauerlauf oder schneller Fu\u00dfball. Dieses bereitet alle Muskeln auf das eigentliche Boxtraining vor. <\/p>\n\n\n\n<p>Schnelligkeit, Ausdauer und Kraft liegen bei diesem Sport besonders im Fokus. Kondition und Kraft werden trainiert. Dadurch ist immer Abwechslung angesagt und man ist gut ausgepowert! Boxen ist keine Schl\u00e4gerei. Boxer messen sich nach fairen Regeln.<br><\/p>\n\n\n\n<hr class=\"wp-block-separator\"\/>\n\n\n\n<p> Ansprechpartner: Peter B\u00e4umler<\/p>\n\n\n\n<p>Email: <a href=\"mailto:boxen@asc-ronneburg.de\">boxen@asc-ronneburg.de<\/a><\/p>\n\n\n\n<p>Facebook: Team B\u00e4umler<\/p>\n\n\n\n<p>Gruppen- und Personal Training <\/p>\n","protected":false},"excerpt":{"rendered":"<p>Boxen ist eine der \u00e4ltesten Wettkampfarten und erfordert ein H\u00f6chstma\u00df an Kraft, Ausdauer, Koordinationsf\u00e4higkeit und Reaktionsverm\u00f6gen. Diese F\u00e4higkeiten werden im Rahmen unseres Boxtrainingsgef\u00f6rdert. Neben intensivem Ausdauer- und Krafttraining, werden durch Beinarbeit und Schlagtraining im Rahmen der Boxerischen Grundschule, Koordination und Reaktionsverm\u00f6gen gef\u00f6rdert und bei Partnerarbeit und Sparring gefestigt. Die korrekte Anwendung der erlernten Bewegungen, nicht &hellip; <a href=\"https:\/\/asc-ronneburg.de\/?page_id=64\" class=\"more-link\"><span class=\"screen-reader-text\">\u201eBoxen \/ Kickboxen \/ Fitness\u201c<\/span> weiterlesen<\/a><\/p>\n","protected":false},"author":2,"featured_media":269,"parent":0,"menu_order":0,"comment_status":"closed","ping_status":"closed","template":"","meta":{"footnotes":""},"class_list":["post-64","page","type-page","status-publish","has-post-thumbnail","hentry"],"_links":{"self":[{"href":"https:\/\/asc-ronneburg.de\/index.php?rest_route=\/wp\/v2\/pages\/64","targetHints":{"allow":["GET"]}}],"collection":[{"href":"https:\/\/asc-ronneburg.de\/index.php?rest_route=\/wp\/v2\/pages"}],"about":[{"href":"https:\/\/asc-ronneburg.de\/index.php?rest_route=\/wp\/v2\/types\/page"}],"author":[{"embeddable":true,"href":"https:\/\/asc-ronneburg.de\/index.php?rest_route=\/wp\/v2\/users\/2"}],"replies":[{"embeddable":true,"href":"https:\/\/asc-ronneburg.de\/index.php?rest_route=%2Fwp%2Fv2%2Fcomments&post=64"}],"version-history":[{"count":6,"href":"https:\/\/asc-ronneburg.de\/index.php?rest_route=\/wp\/v2\/pages\/64\/revisions"}],"predecessor-version":[{"id":153,"href":"https:\/\/asc-ronneburg.de\/index.php?rest_route=\/wp\/v2\/pages\/64\/revisions\/153"}],"wp:featuredmedia":[{"embeddable":true,"href":"https:\/\/asc-ronneburg.de\/index.php?rest_route=\/wp\/v2\/media\/269"}],"wp:attachment":[{"href":"https:\/\/asc-ronneburg.de\/index.php?rest_route=%2Fwp%2Fv2%2Fmedia&parent=64"}],"curies":[{"name":"wp","href":"https:\/\/api.w.org\/{rel}","templated":true}]}}